{"id":72,"date":"2025-08-04T11:42:52","date_gmt":"2025-08-04T09:42:52","guid":{"rendered":"https:\/\/gemlords.com\/?page_id=72"},"modified":"2025-09-02T08:57:05","modified_gmt":"2025-09-02T06:57:05","slug":"about-2","status":"publish","type":"page","link":"https:\/\/gemlords.com\/ru\/about-2\/","title":{"rendered":"\u041e \u0441\u0430\u0439\u0442\u0435"},"content":{"rendered":"<p class=\"has-text-align-center has-large-font-size\"> \u0412\u0430\u0448 \u043d\u0430\u0434\u0435\u0436\u043d\u044b\u0439 \u0431\u0443\u0442\u0438\u043a \u043b\u044e\u043a\u0441\u043e\u0432\u044b\u0445 \u0434\u0440\u0430\u0433\u043e\u0446\u0435\u043d\u043d\u044b\u0445 \u043a\u0430\u043c\u043d\u0435\u0439 \u0432 \u0420\u0438\u0433\u0435<\/p>\n\n\n\n<h2 class=\"wp-block-heading has-text-align-center\">\u041e\u0442\u043a\u0440\u043e\u0439\u0442\u0435 \u0441\u0443\u0442\u044c GEMLORDS<\/h2>\n\n\n\n<p class=\"has-text-align-center\">\u0412 GEMLORDS \u043c\u044b \u0432\u043e\u043f\u043b\u043e\u0449\u0430\u0435\u043c \u0438\u0434\u0435\u0430\u043b\u044c\u043d\u043e\u0435 \u0441\u043e\u0447\u0435\u0442\u0430\u043d\u0438\u0435 \u0432\u0435\u0447\u043d\u043e\u0439 \u044d\u043b\u0435\u0433\u0430\u043d\u0442\u043d\u043e\u0441\u0442\u0438 \u0438 \u043f\u043e\u0434\u043b\u0438\u043d\u043d\u043e\u0439 \u0446\u0435\u043d\u043d\u043e\u0441\u0442\u0438 \u0432 \u043c\u0438\u0440\u0435 \u0438\u0437\u044b\u0441\u043a\u0430\u043d\u043d\u044b\u0445 \u0434\u0440\u0430\u0433\u043e\u0446\u0435\u043d\u043d\u044b\u0445 \u043a\u0430\u043c\u043d\u0435\u0439. \u041a\u0430\u043a \u0432\u0435\u0434\u0443\u0449\u0430\u044f \u043a\u043e\u043c\u043f\u0430\u043d\u0438\u044f \u043f\u043e \u043b\u044e\u043a\u0441\u043e\u0432\u044b\u043c \u0434\u0440\u0430\u0433\u043e\u0446\u0435\u043d\u043d\u044b\u043c \u043a\u0430\u043c\u043d\u044f\u043c, \u0440\u0430\u0441\u043f\u043e\u043b\u043e\u0436\u0435\u043d\u043d\u0430\u044f \u0432 \u0441\u0430\u043c\u043e\u043c \u0441\u0435\u0440\u0434\u0446\u0435 \u0420\u0438\u0433\u0438, \u043d\u0430\u0448 \u0431\u0443\u0442\u0438\u043a - SIA \u201cGem Invest\u201d - \u0441\u0442\u0430\u043b \u0441\u0438\u043d\u043e\u043d\u0438\u043c\u043e\u043c \u0441\u043e\u0432\u0435\u0440\u0448\u0435\u043d\u0441\u0442\u0432\u0430 \u0432 \u044d\u0442\u0438\u0447\u043d\u043e\u0439 \u0442\u043e\u0440\u0433\u043e\u0432\u043b\u0435 \u0434\u0440\u0430\u0433\u043e\u0446\u0435\u043d\u043d\u044b\u043c\u0438 \u043a\u0430\u043c\u043d\u044f\u043c\u0438 \u0438 \u044e\u0432\u0435\u043b\u0438\u0440\u043d\u044b\u0445 \u0438\u0437\u0434\u0435\u043b\u0438\u044f\u0445 \u0438\u043d\u0432\u0435\u0441\u0442\u0438\u0446\u0438\u043e\u043d\u043d\u043e\u0433\u043e \u0443\u0440\u043e\u0432\u043d\u044f. \u041d\u0430 \u043f\u0440\u043e\u0442\u044f\u0436\u0435\u043d\u0438\u0438 \u0434\u0435\u0441\u044f\u0442\u0438\u043b\u0435\u0442\u0438\u0439 \u043d\u0430\u0448\u0430 \u043a\u043e\u043c\u0430\u043d\u0434\u0430 \u044d\u043a\u0441\u043f\u0435\u0440\u0442\u043e\u0432 \u043f\u043e \u0438\u043d\u0432\u0435\u0441\u0442\u0438\u0446\u0438\u044f\u043c \u0432 \u0434\u0440\u0430\u0433\u043e\u0446\u0435\u043d\u043d\u044b\u0435 \u043a\u0430\u043c\u043d\u0438 \u043e\u0442\u0431\u0438\u0440\u0430\u043b\u0430 \u0438\u0441\u043a\u043b\u044e\u0447\u0438\u0442\u0435\u043b\u044c\u043d\u044b\u0435 \u043a\u043e\u043b\u043b\u0435\u043a\u0446\u0438\u0438, \u043a\u043e\u0442\u043e\u0440\u044b\u0435 \u0432\u044b\u0445\u043e\u0434\u044f\u0442 \u0437\u0430 \u0440\u0430\u043c\u043a\u0438 \u043f\u0440\u043e\u0441\u0442\u043e\u0433\u043e \u0443\u043a\u0440\u0430\u0448\u0435\u043d\u0438\u044f, \u0441\u0442\u0430\u043d\u043e\u0432\u044f\u0441\u044c \u0446\u0435\u043d\u043d\u044b\u043c\u0438 \u0441\u0435\u043c\u0435\u0439\u043d\u044b\u043c\u0438 \u0440\u0435\u043b\u0438\u043a\u0432\u0438\u044f\u043c\u0438 \u0438 \u0430\u043a\u0442\u0438\u0432\u0430\u043c\u0438.<\/p>\n\n\n\n<h2 class=\"wp-block-heading has-text-align-center\">\u041d\u0430\u0448\u0430 \u043f\u0440\u0438\u0432\u0435\u0440\u0436\u0435\u043d\u043d\u043e\u0441\u0442\u044c \u0430\u0443\u0442\u0435\u043d\u0442\u0438\u0447\u043d\u043e\u043c\u0443 \u043b\u044e\u043a\u0441\u0443<\/h2>\n\n\n\n<p class=\"has-text-align-center\">\u041c\u044b \u0432\u0435\u0440\u0438\u043c, \u0447\u0442\u043e \u0438\u0441\u0442\u0438\u043d\u043d\u0430\u044f \u0440\u043e\u0441\u043a\u043e\u0448\u044c \u043e\u043f\u0440\u0435\u0434\u0435\u043b\u044f\u0435\u0442\u0441\u044f \u043d\u0435 \u0442\u043e\u043b\u044c\u043a\u043e \u043a\u0440\u0430\u0441\u043e\u0442\u043e\u0439, \u043d\u043e \u0438 \u0432\u0435\u0447\u043d\u043e\u0439 \u0446\u0435\u043d\u043d\u043e\u0441\u0442\u044c\u044e \u0438 \u0431\u043e\u0433\u0430\u0442\u044b\u043c \u043d\u0430\u0441\u043b\u0435\u0434\u0438\u0435\u043c \u043a\u0430\u0436\u0434\u043e\u0433\u043e \u0434\u0440\u0430\u0433\u043e\u0446\u0435\u043d\u043d\u043e\u0433\u043e \u043a\u0430\u043c\u043d\u044f. \u0412 \u043e\u0442\u043b\u0438\u0447\u0438\u0435 \u043e\u0442 \u043c\u0430\u0441\u0441\u043e\u0432\u044b\u0445 \u044e\u0432\u0435\u043b\u0438\u0440\u043d\u044b\u0445 \u0440\u0438\u0442\u0435\u0439\u043b\u0435\u0440\u043e\u0432, GEMLORDS \u0441\u043f\u0435\u0446\u0438\u0430\u043b\u0438\u0437\u0438\u0440\u0443\u0435\u0442\u0441\u044f \u043d\u0430 \u0441\u0435\u0440\u0442\u0438\u0444\u0438\u0446\u0438\u0440\u043e\u0432\u0430\u043d\u043d\u044b\u0445 \u0431\u0440\u0438\u043b\u043b\u0438\u0430\u043d\u0442\u0430\u0445, \u0441\u0430\u043f\u0444\u0438\u0440\u0430\u0445, \u0438\u0437\u0443\u043c\u0440\u0443\u0434\u0430\u0445, \u0440\u0443\u0431\u0438\u043d\u0430\u0445 \u0438 \u0440\u0435\u0434\u043a\u0438\u0445 \u043a\u043e\u043b\u043b\u0435\u043a\u0446\u0438\u043e\u043d\u043d\u044b\u0445 \u043a\u0430\u043c\u043d\u044f\u0445, \u0441\u043e\u043e\u0442\u0432\u0435\u0442\u0441\u0442\u0432\u0443\u044e\u0449\u0438\u0445 \u0441\u0430\u043c\u044b\u043c \u0432\u044b\u0441\u043e\u043a\u0438\u043c \u0441\u0442\u0430\u043d\u0434\u0430\u0440\u0442\u0430\u043c \u043a\u0430\u0447\u0435\u0441\u0442\u0432\u0430 \u0438 \u043f\u0440\u043e\u0438\u0441\u0445\u043e\u0436\u0434\u0435\u043d\u0438\u044f. \u041a\u0430\u0436\u0434\u044b\u0439 \u043a\u0430\u043c\u0435\u043d\u044c \u0432 \u043d\u0430\u0448\u0435\u0439 \u043a\u043e\u043b\u043b\u0435\u043a\u0446\u0438\u0438 \u043f\u0440\u043e\u0445\u043e\u0434\u0438\u0442 \u0442\u0449\u0430\u0442\u0435\u043b\u044c\u043d\u0443\u044e \u043f\u0440\u043e\u0432\u0435\u0440\u043a\u0443 \u0432\u0435\u0434\u0443\u0449\u0438\u043c\u0438 \u0433\u0435\u043c\u043c\u043e\u043b\u043e\u0433\u0438\u0447\u0435\u0441\u043a\u0438\u043c\u0438 \u043b\u0430\u0431\u043e\u0440\u0430\u0442\u043e\u0440\u0438\u044f\u043c\u0438, \u0433\u0430\u0440\u0430\u043d\u0442\u0438\u0440\u0443\u044f \u043f\u043e\u043b\u043d\u0443\u044e \u0430\u0443\u0442\u0435\u043d\u0442\u0438\u0447\u043d\u043e\u0441\u0442\u044c \u0438 \u0438\u043d\u0432\u0435\u0441\u0442\u0438\u0446\u0438\u043e\u043d\u043d\u044b\u0439 \u043f\u043e\u0442\u0435\u043d\u0446\u0438\u0430\u043b.<\/p>\n\n\n\n<h2 class=\"wp-block-heading has-text-align-center\">\u041f\u043e\u0447\u0435\u043c\u0443 \u0441\u0442\u043e\u0438\u0442 \u0432\u044b\u0431\u0440\u0430\u0442\u044c \u043d\u0430\u0448 \u043f\u0440\u0435\u043c\u0438\u0430\u043b\u044c\u043d\u044b\u0439 \u044e\u0432\u0435\u043b\u0438\u0440\u043d\u044b\u0439 \u0431\u0443\u0442\u0438\u043a?<\/h2>\n\n\n\n<p class=\"has-text-align-left\">\u0442\u043e \u043e\u0442\u043b\u0438\u0447\u0430\u0435\u0442 GEMLORDS \u0432 \u043a\u043e\u043d\u043a\u0443\u0440\u0435\u043d\u0442\u043d\u043e\u043c \u043c\u0438\u0440\u0435 \u0438\u0437\u044b\u0441\u043a\u0430\u043d\u043d\u044b\u0445 \u044e\u0432\u0435\u043b\u0438\u0440\u043d\u044b\u0445 \u0438\u0437\u0434\u0435\u043b\u0438\u0439?<\/p>\n\n\n\n<ul class=\"wp-block-list\">\n<li><strong>\u0411\u0435\u0441\u043a\u043e\u043c\u043f\u0440\u043e\u043c\u0438\u0441\u0441\u043d\u043e\u0435 \u043a\u0430\u0447\u0435\u0441\u0442\u0432\u043e<\/strong>: \u041c\u044b \u0437\u0430\u043a\u0443\u043f\u0430\u0435\u043c \u0442\u043e\u043b\u044c\u043a\u043e \u043b\u0443\u0447\u0448\u0438\u0435 \u043d\u0430\u0442\u0443\u0440\u0430\u043b\u044c\u043d\u044b\u0435 \u0434\u0440\u0430\u0433\u043e\u0446\u0435\u043d\u043d\u044b\u0435 \u043a\u0430\u043c\u043d\u0438 \u0441 \u0438\u0441\u043a\u043b\u044e\u0447\u0438\u0442\u0435\u043b\u044c\u043d\u044b\u043c \u0446\u0432\u0435\u0442\u043e\u043c, \u0447\u0438\u0441\u0442\u043e\u0442\u043e\u0439 \u0438 \u043e\u0433\u0440\u0430\u043d\u043a\u043e\u0439<\/li>\n\n\n\n<li><strong>\u042d\u0442\u0438\u0447\u043d\u044b\u0435 \u0442\u043e\u0440\u0433\u043e\u0432\u044b\u0435 \u043f\u0440\u0430\u043a\u0442\u0438\u043a\u0438<\/strong>: \u041d\u0430\u0448\u0430 \u043f\u0440\u043e\u0437\u0440\u0430\u0447\u043d\u0430\u044f \u0446\u0435\u043f\u043e\u0447\u043a\u0430 \u043f\u043e\u0441\u0442\u0430\u0432\u043e\u043a \u0433\u0430\u0440\u0430\u043d\u0442\u0438\u0440\u0443\u0435\u0442 \u043e\u0442\u0432\u0435\u0442\u0441\u0442\u0432\u0435\u043d\u043d\u043e \u0434\u043e\u0431\u044b\u0442\u044b\u0435 \u043c\u0430\u0442\u0435\u0440\u0438\u0430\u043b\u044b<\/li>\n\n\n\n<li><strong>\u042d\u043a\u0441\u043f\u0435\u0440\u0442\u0438\u0437\u0430 \u0432 \u0438\u043d\u0432\u0435\u0441\u0442\u0438\u0446\u0438\u044f\u0445<\/strong>: \u041c\u044b \u043f\u0440\u0435\u0434\u043e\u0441\u0442\u0430\u0432\u043b\u044f\u0435\u043c \u0432\u0441\u0435\u0441\u0442\u043e\u0440\u043e\u043d\u043d\u0438\u0435 \u0440\u0435\u043a\u043e\u043c\u0435\u043d\u0434\u0430\u0446\u0438\u0438 \u043f\u043e \u043f\u043e\u0442\u0435\u043d\u0446\u0438\u0430\u043b\u0443 \u0440\u043e\u0441\u0442\u0430 \u0441\u0442\u043e\u0438\u043c\u043e\u0441\u0442\u0438 \u0434\u0440\u0430\u0433\u043e\u0446\u0435\u043d\u043d\u044b\u0445 \u043a\u0430\u043c\u043d\u0435\u0439<\/li>\n\n\n\n<li><strong>\u0418\u043d\u0434\u0438\u0432\u0438\u0434\u0443\u0430\u043b\u044c\u043d\u044b\u0435 \u0418\u0437\u0434\u0435\u043b\u0438\u044f<\/strong>: \u041d\u0430\u0448\u0438 \u043c\u0430\u0441\u0442\u0435\u0440\u0430 \u043f\u0440\u0435\u0432\u0440\u0430\u0449\u0430\u044e\u0442 \u0432\u0430\u0448\u0435 \u0432\u0438\u0434\u0435\u043d\u0438\u0435 \u0432 \u0443\u043d\u0438\u043a\u0430\u043b\u044c\u043d\u044b\u0435 \u0448\u0435\u0434\u0435\u0432\u0440\u044b<\/li>\n\n\n\n<li><strong>\u0413\u043b\u043e\u0431\u0430\u043b\u044c\u043d\u043e\u0435 \u043f\u0440\u0438\u0437\u043d\u0430\u043d\u0438\u0435<\/strong>: \u041d\u0430\u0448\u0438 \u043a\u0430\u043c\u043d\u0438 \u0441\u043e\u043e\u0442\u0432\u0435\u0442\u0441\u0442\u0432\u0443\u044e\u0442 \u043c\u0435\u0436\u0434\u0443\u043d\u0430\u0440\u043e\u0434\u043d\u044b\u043c \u0441\u0442\u0430\u043d\u0434\u0430\u0440\u0442\u0430\u043c \u0434\u043b\u044f \u043a\u043e\u043b\u043b\u0435\u043a\u0446\u0438\u043e\u043d\u0435\u0440\u043e\u0432 \u0438 \u0437\u043d\u0430\u0442\u043e\u043a\u043e\u0432 \u043f\u043e \u0432\u0441\u0435\u043c\u0443 \u043c\u0438\u0440\u0443<\/li>\n<\/ul>\n\n\n\n<h2 class=\"wp-block-heading has-text-align-center\">\u0412\u0430\u0448\u0435 \u041f\u0435\u0440\u0441\u043e\u043d\u0430\u043b\u0438\u0437\u0438\u0440\u043e\u0432\u0430\u043d\u043d\u043e\u0435 \u041f\u0443\u0442\u0435\u0448\u0435\u0441\u0442\u0432\u0438\u0435 \u043f\u043e \u0414\u0440\u0430\u0433\u043e\u0446\u0435\u043d\u043d\u044b\u043c \u041a\u0430\u043c\u043d\u044f\u043c<\/h2>\n\n\n\n<p>\u0412 GEMLORDS \u043c\u044b \u043f\u043e\u043d\u0438\u043c\u0430\u0435\u043c, \u0447\u0442\u043e \u043f\u0443\u0442\u044c \u043a\u0430\u0436\u0434\u043e\u0433\u043e \u043a\u043b\u0438\u0435\u043d\u0442\u0430 \u0443\u043d\u0438\u043a\u0430\u043b\u0435\u043d. \u0411\u0443\u0434\u044c \u0442\u043e \u0441\u043e\u0437\u0434\u0430\u043d\u0438\u0435 \u0438\u043d\u0432\u0435\u0441\u0442\u0438\u0446\u0438\u043e\u043d\u043d\u043e\u0433\u043e \u043f\u043e\u0440\u0442\u0444\u0435\u043b\u044f \u0434\u0440\u0430\u0433\u043e\u0446\u0435\u043d\u043d\u044b\u0445 \u043a\u0430\u043c\u043d\u0435\u0439 \u0438\u043b\u0438 \u043f\u043e\u0438\u0441\u043a \u0438\u0434\u0435\u0430\u043b\u044c\u043d\u043e\u0433\u043e \u0430\u043a\u0446\u0435\u043d\u0442\u043d\u043e\u0433\u043e \u0443\u043a\u0440\u0430\u0448\u0435\u043d\u0438\u044f, \u043d\u0430\u0448\u0438 \u044d\u043a\u0441\u043f\u0435\u0440\u0442\u044b \u043f\u0440\u0435\u0434\u043e\u0441\u0442\u0430\u0432\u043b\u044f\u044e\u0442:<\/p>\n\n\n\n<ul class=\"wp-block-list\">\n<li>\u0427\u0430\u0441\u0442\u043d\u044b\u0435 \u043a\u043e\u043d\u0441\u0443\u043b\u044c\u0442\u0430\u0446\u0438\u0438 \u0432 \u043d\u0430\u0448\u0435\u043c \u0431\u0443\u0442\u0438\u043a\u0435 \u0432 \u0420\u0438\u0433\u0435 \u0438\u043b\u0438 \u0432\u0438\u0440\u0442\u0443\u0430\u043b\u044c\u043d\u044b\u0435 \u0441\u0435\u0441\u0441\u0438\u0438<\/li>\n\n\n\n<li>Detailed education about gemstone quality factors and market trends<\/li>\n\n\n\n<li>Custom design services for truly distinctive creations<\/li>\n\n\n\n<li>Complete documentation for insurance and future valuation<\/li>\n\n\n\n<li>Discreet handling of high-value transactions with absolute confidentiality<\/li>\n<\/ul>\n\n\n\n<h2 class=\"wp-block-heading has-text-align-center\">The GEMLORDS Promise<\/h2>\n\n\n\n<p class=\"has-text-align-center\">We view gemstones as more than beautiful objects\u2014they represent heritage, passion, and wise investment in the future. Our commitment to building long-term relationships means we treat every client with the utmost respect and provide ongoing support beyond the initial purchase.<\/p>\n\n\n\n<p class=\"has-text-align-center\">When you choose GEMLORDS, you&#8217;re not just acquiring a gemstone\u2014you&#8217;re gaining access to a legacy of expertise, a network of industry connections, and a partner dedicated to preserving and enhancing your collection&#8217;s value for generations to come.<\/p>\n\n\n\n<h2 class=\"wp-block-heading has-text-align-center\">Experience GEMLORDS in <a href=\"https:\/\/gemlords.com\/ru\/contact\/\">Person<\/a><\/h2>\n\n\n\n<p class=\"has-text-align-center\">Ready to discover why discerning collectors and investors trust GEMLORDS for their most valuable acquisitions? Visit our elegant boutique in Riga or schedule a confidential consultation today. Let us guide you through the captivating world of investment-grade gemstones and bespoke jewelry creations that blend artistry with appreciating value.<\/p>\n\n\n\n<p class=\"has-text-align-center\"><em>GEMLORDS\u2014where timeless beauty meets authentic value in every carefully selected stone.<\/em><\/p>\n\n\n\n<p class=\"has-text-align-center has-small-font-size\" style=\"margin-right:0;margin-left:0\"><\/p>\n\n\n\n<div style=\"text-align:center;\">\n  <iframe\n    src=\"https:\/\/www.google.com\/maps?q=L\u0101\u010dpl\u0113\u0161a+iela+72,+R\u012bga,+Latvia&#038;output=embed\"\n    width=\"80%\"\n    height=\"340\"\n    style=\"border:0; border-radius:16px; box-shadow:0 3px 16px #0002; display:inline-block;\"\n    allowfullscreen=\"\"\n    loading=\"lazy\"\n    referrerpolicy=\"no-referrer-when-downgrade\">\n  <\/iframe>\n<\/div>\n\n\n\n<p><\/p>","protected":false},"excerpt":{"rendered":"<p>GEMLORDS is a luxury gemstone boutique in Riga, specializing in ethically sourced, high-quality gemstones. Committed to authenticity, they offer investment-grade pieces alongside bespoke creations. Their experts provide personalized consultations and guidance to clients, ensuring a unique journey in selecting cherished, valuable heirlooms that embody beauty and legacy.<\/p>","protected":false},"author":1,"featured_media":0,"parent":0,"menu_order":0,"comment_status":"closed","ping_status":"closed","template":"","meta":{"_acf_changed":false,"footnotes":""},"class_list":["post-72","page","type-page","status-publish","hentry"],"blocksy_meta":[],"acf":[],"jetpack_sharing_enabled":true,"_links":{"self":[{"href":"https:\/\/gemlords.com\/ru\/wp-json\/wp\/v2\/pages\/72","targetHints":{"allow":["GET"]}}],"collection":[{"href":"https:\/\/gemlords.com\/ru\/wp-json\/wp\/v2\/pages"}],"about":[{"href":"https:\/\/gemlords.com\/ru\/wp-json\/wp\/v2\/types\/page"}],"author":[{"embeddable":true,"href":"https:\/\/gemlords.com\/ru\/wp-json\/wp\/v2\/users\/1"}],"replies":[{"embeddable":true,"href":"https:\/\/gemlords.com\/ru\/wp-json\/wp\/v2\/comments?post=72"}],"version-history":[{"count":15,"href":"https:\/\/gemlords.com\/ru\/wp-json\/wp\/v2\/pages\/72\/revisions"}],"predecessor-version":[{"id":1780,"href":"https:\/\/gemlords.com\/ru\/wp-json\/wp\/v2\/pages\/72\/revisions\/1780"}],"wp:attachment":[{"href":"https:\/\/gemlords.com\/ru\/wp-json\/wp\/v2\/media?parent=72"}],"curies":[{"name":"wp","href":"https:\/\/api.w.org\/{rel}","templated":true}]}}